{"id":4911,"date":"2024-03-14T16:59:30","date_gmt":"2024-03-14T16:59:30","guid":{"rendered":"https:\/\/ifactory3d.com\/?post_type=product&#038;p=4911"},"modified":"2024-03-28T13:41:02","modified_gmt":"2024-03-28T13:41:02","slug":"einhausung-enclosure-one-pro","status":"publish","type":"product","link":"https:\/\/ifactory3d.com\/en\/produkt\/einhausung-enclosure-one-pro\/","title":{"rendered":"Einhausung &#8211; Enclosure One Pro"},"content":{"rendered":"<h2>Enclosure One Pro<\/h2>\n<p>&nbsp;<\/p>\n<h3><span data-contrast=\"auto\">Statten Sie Ihren One Pro mit der darauf zugeschnittenen Einhausung aus um noch ambitionierte Projekte zu realisieren.<\/span><\/h3>\n<p><span data-contrast=\"auto\">Mit der leicht zu montierenden Konstruktion aus passgenauen Platten erreichen Sie eine ideale W\u00e4rmed\u00e4mmung f\u00fcr den Bauraum Ihres One Pros. Ein flexibler und trotzdem dichter Lamellenvorhang sichert den vorderen Teil des Flie\u00dfbandes, ohne den Druckprozess und das Fortlaufen des Druckobjekts zu st\u00f6ren.<\/span><br \/>\n<span data-contrast=\"auto\">Die Atmosph\u00e4re bleibt gesch\u00fctzt vor \u00e4u\u00dferen Einfl\u00fcssen, die den Druck negativ beeinflussen k\u00f6nnten. Ihr Druckobjekt wird bewahrt vor m\u00f6glichen Verunreinigungen oder Luftz\u00fcgen, die ein Druckergebnis verf\u00e4lschen k\u00f6nnen. Die abgeschlossene Umgebung wirkt sich auch positiv auf den Standort ihres Druckers aus: Geruchsentwicklung und Hitzeentwicklung wirken sich weniger auf Ihr Arbeitsklima in B\u00fcro, Studio oder Werkstatt aus.<\/span><\/p>\n<h3>Konstante Temperatur f\u00fcr jedes anspruchsvolle Material<\/h3>\n<p><span data-contrast=\"auto\">Die Temperatur bleibt konstant, anspruchsvolle oder Hochtemperaturmaterialien lassen sich leichter verarbeiten. Die gleichbleibende Temperatur von bis zu 40\u00b0C im Bauraum reduziert das Auftreten temperaturbedingter Bauteilfehler (Warping).<\/span><br \/>\n<span data-contrast=\"auto\">Die Nutzung einer Einhausung wird f\u00fcr die g\u00e4ngigen Materialien ABS und PC empfohlen.<\/span><span data-ccp-props=\"{&quot;134233117&quot;:true,&quot;134233118&quot;:true,&quot;201341983&quot;:0,&quot;335559740&quot;:240}\">\u00a0<\/span><\/p>\n<p><span data-contrast=\"auto\">\u202f<\/span><span data-ccp-props=\"{&quot;134233117&quot;:true,&quot;134233118&quot;:true,&quot;201341983&quot;:0,&quot;335559740&quot;:240}\">\u00a0<\/span><\/p>\n<h3><span data-contrast=\"auto\">Die Vorteile auf einen Blick:<\/span><\/h3>\n<ul>\n<li><strong>bessere Druckergebnisse\u202f<\/strong><\/li>\n<li><strong>gr\u00f6\u00dfere Auswahl an verwendbaren Material<\/strong><\/li>\n<li><strong>Risiko f\u00fcr Bauteilfehler wird minimiert<\/strong><\/li>\n<li><strong>kompaktes Design mit rundum Einsicht auf laufenden Druckprozess<\/strong><\/li>\n<li><strong>Lamellenvorhang, um die Besonderheiten von 3D-Flie\u00dfbanddruck zu bedienen<\/strong><span data-ccp-props=\"{&quot;134233117&quot;:true,&quot;134233118&quot;:true,&quot;201341983&quot;:0,&quot;335559740&quot;:240}\">\u00a0<\/span><\/li>\n<\/ul>\n<p>&nbsp;<\/p>\n","protected":false},"excerpt":{"rendered":"<p>Enclosure One Pro &nbsp; Statten Sie Ihren One Pro mit der darauf zugeschnittenen Einhausung aus um noch ambitionierte Projekte zu realisieren. Mit der leicht zu montierenden Konstruktion aus passgenauen Platten erreichen Sie eine ideale W\u00e4rmed\u00e4mmung f\u00fcr den Bauraum Ihres One Pros. Ein flexibler und trotzdem dichter Lamellenvorhang sichert den vorderen Teil des Flie\u00dfbandes, ohne den [&#8230;]<\/p>\n<p><a class=\"btn btn-secondary understrap-read-more-link\" href=\"https:\/\/ifactory3d.com\/en\/produkt\/einhausung-enclosure-one-pro\/\">Read More&#8230;<span class=\"screen-reader-text\"> from Einhausung &#8211; Enclosure One Pro<\/span><\/a><\/p>\n","protected":false},"featured_media":4933,"comment_status":"open","ping_status":"closed","template":"","meta":{"inline_featured_image":false,"ghostkit_customizer_options":"","ghostkit_custom_css":"","ghostkit_custom_js_head":"","ghostkit_custom_js_foot":"","ghostkit_typography":""},"product_cat":[225],"product_tag":[],"acf":[],"yoast_head":"<!-- This site is optimized with the Yoast SEO plugin v20.13 - https:\/\/yoast.com\/wordpress\/plugins\/seo\/ -->\n<title>Einhausung - Enclosure One Pro - iFactory3D<\/title>\n<meta name=\"description\" content=\"Konstruktion aus passgenauen Platten und Lamellenvorhang f\u00fcr ideale W\u00e4rmed\u00e4mmung des Bauraum vom 3D-Flie\u00dfbanddrucker One Pro\" \/>\n<meta name=\"robots\" content=\"index, follow, max-snippet:-1, max-image-preview:large, max-video-preview:-1\" \/>\n<link rel=\"canonical\" href=\"https:\/\/ifactory3d.com\/en\/produkt\/einhausung-enclosure-one-pro\/\" \/>\n<meta property=\"og:locale\" content=\"en_US\" \/>\n<meta property=\"og:type\" content=\"article\" \/>\n<meta property=\"og:title\" content=\"Einhausung - Enclosure One Pro - iFactory3D\" \/>\n<meta property=\"og:description\" content=\"Konstruktion aus passgenauen Platten und Lamellenvorhang f\u00fcr ideale W\u00e4rmed\u00e4mmung des Bauraum vom 3D-Flie\u00dfbanddrucker One Pro\" \/>\n<meta property=\"og:url\" content=\"https:\/\/ifactory3d.com\/en\/produkt\/einhausung-enclosure-one-pro\/\" \/>\n<meta property=\"og:site_name\" content=\"iFactory3D\" \/>\n<meta property=\"article:publisher\" content=\"https:\/\/www.facebook.com\/iFactory3D\/\" \/>\n<meta property=\"article:modified_time\" content=\"2024-03-28T13:41:02+00:00\" \/>\n<meta property=\"og:image\" content=\"https:\/\/ifactory3d.com\/wp-content\/uploads\/2024\/03\/ifactory3d-product-image-enclosure-1024x867.png\" \/>\n\t<meta property=\"og:image:width\" content=\"1024\" \/>\n\t<meta property=\"og:image:height\" content=\"867\" \/>\n\t<meta property=\"og:image:type\" content=\"image\/png\" \/>\n<meta name=\"twitter:card\" content=\"summary_large_image\" \/>\n<meta name=\"twitter:site\" content=\"@ifactory3do\" \/>\n<meta name=\"twitter:label1\" content=\"Est. reading time\" \/>\n\t<meta name=\"twitter:data1\" content=\"2 minutes\" \/>\n<script type=\"application\/ld+json\" class=\"yoast-schema-graph\">{\"@context\":\"https:\/\/schema.org\",\"@graph\":[{\"@type\":\"WebPage\",\"@id\":\"https:\/\/ifactory3d.com\/en\/produkt\/einhausung-enclosure-one-pro\/\",\"url\":\"https:\/\/ifactory3d.com\/en\/produkt\/einhausung-enclosure-one-pro\/\",\"name\":\"Einhausung - Enclosure One Pro - iFactory3D\",\"isPartOf\":{\"@id\":\"https:\/\/ifactory3d.com\/en\/#website\"},\"datePublished\":\"2024-03-14T16:59:30+00:00\",\"dateModified\":\"2024-03-28T13:41:02+00:00\",\"description\":\"Konstruktion aus passgenauen Platten und Lamellenvorhang f\u00fcr ideale W\u00e4rmed\u00e4mmung des Bauraum vom 3D-Flie\u00dfbanddrucker One Pro\",\"breadcrumb\":{\"@id\":\"https:\/\/ifactory3d.com\/en\/produkt\/einhausung-enclosure-one-pro\/#breadcrumb\"},\"inLanguage\":\"en-US\",\"potentialAction\":[{\"@type\":\"ReadAction\",\"target\":[\"https:\/\/ifactory3d.com\/en\/produkt\/einhausung-enclosure-one-pro\/\"]}]},{\"@type\":\"BreadcrumbList\",\"@id\":\"https:\/\/ifactory3d.com\/en\/produkt\/einhausung-enclosure-one-pro\/#breadcrumb\",\"itemListElement\":[{\"@type\":\"ListItem\",\"position\":1,\"name\":\"Home\",\"item\":\"https:\/\/ifactory3d.com\/en\/\"},{\"@type\":\"ListItem\",\"position\":2,\"name\":\"Print Shop\",\"item\":\"https:\/\/ifactory3d.com\/en\/shop\/\"},{\"@type\":\"ListItem\",\"position\":3,\"name\":\"Einhausung &#8211; Enclosure One Pro\"}]},{\"@type\":\"WebSite\",\"@id\":\"https:\/\/ifactory3d.com\/en\/#website\",\"url\":\"https:\/\/ifactory3d.com\/en\/\",\"name\":\"iFactory3D\",\"description\":\"3D Flie\u00dfbanddrucker\",\"publisher\":{\"@id\":\"https:\/\/ifactory3d.com\/en\/#organization\"},\"potentialAction\":[{\"@type\":\"SearchAction\",\"target\":{\"@type\":\"EntryPoint\",\"urlTemplate\":\"https:\/\/ifactory3d.com\/en\/?s={search_term_string}\"},\"query-input\":\"required name=search_term_string\"}],\"inLanguage\":\"en-US\"},{\"@type\":\"Organization\",\"@id\":\"https:\/\/ifactory3d.com\/en\/#organization\",\"name\":\"iFactory3D\",\"url\":\"https:\/\/ifactory3d.com\/en\/\",\"logo\":{\"@type\":\"ImageObject\",\"inLanguage\":\"en-US\",\"@id\":\"https:\/\/ifactory3d.com\/en\/#\/schema\/logo\/image\/\",\"url\":\"https:\/\/ifactory3d.com\/wp-content\/uploads\/2022\/07\/ifactory-3d-logo.svg\",\"contentUrl\":\"https:\/\/ifactory3d.com\/wp-content\/uploads\/2022\/07\/ifactory-3d-logo.svg\",\"width\":155,\"height\":29,\"caption\":\"iFactory3D\"},\"image\":{\"@id\":\"https:\/\/ifactory3d.com\/en\/#\/schema\/logo\/image\/\"},\"sameAs\":[\"https:\/\/www.facebook.com\/iFactory3D\/\",\"https:\/\/twitter.com\/ifactory3do\",\"https:\/\/www.linkedin.com\/company\/ifactory3d\/\",\"https:\/\/www.youtube.com\/c\/iFACTORY3D\"]}]}<\/script>\n<!-- \/ Yoast SEO plugin. -->","yoast_head_json":{"title":"Einhausung - Enclosure One Pro - iFactory3D","description":"Konstruktion aus passgenauen Platten und Lamellenvorhang f\u00fcr ideale W\u00e4rmed\u00e4mmung des Bauraum vom 3D-Flie\u00dfbanddrucker One Pro","robots":{"index":"index","follow":"follow","max-snippet":"max-snippet:-1","max-image-preview":"max-image-preview:large","max-video-preview":"max-video-preview:-1"},"canonical":"https:\/\/ifactory3d.com\/en\/produkt\/einhausung-enclosure-one-pro\/","og_locale":"en_US","og_type":"article","og_title":"Einhausung - Enclosure One Pro - iFactory3D","og_description":"Konstruktion aus passgenauen Platten und Lamellenvorhang f\u00fcr ideale W\u00e4rmed\u00e4mmung des Bauraum vom 3D-Flie\u00dfbanddrucker One Pro","og_url":"https:\/\/ifactory3d.com\/en\/produkt\/einhausung-enclosure-one-pro\/","og_site_name":"iFactory3D","article_publisher":"https:\/\/www.facebook.com\/iFactory3D\/","article_modified_time":"2024-03-28T13:41:02+00:00","og_image":[{"width":1024,"height":867,"url":"https:\/\/ifactory3d.com\/wp-content\/uploads\/2024\/03\/ifactory3d-product-image-enclosure-1024x867.png","type":"image\/png"}],"twitter_card":"summary_large_image","twitter_site":"@ifactory3do","twitter_misc":{"Est. reading time":"2 minutes"},"schema":{"@context":"https:\/\/schema.org","@graph":[{"@type":"WebPage","@id":"https:\/\/ifactory3d.com\/en\/produkt\/einhausung-enclosure-one-pro\/","url":"https:\/\/ifactory3d.com\/en\/produkt\/einhausung-enclosure-one-pro\/","name":"Einhausung - Enclosure One Pro - iFactory3D","isPartOf":{"@id":"https:\/\/ifactory3d.com\/en\/#website"},"datePublished":"2024-03-14T16:59:30+00:00","dateModified":"2024-03-28T13:41:02+00:00","description":"Konstruktion aus passgenauen Platten und Lamellenvorhang f\u00fcr ideale W\u00e4rmed\u00e4mmung des Bauraum vom 3D-Flie\u00dfbanddrucker One Pro","breadcrumb":{"@id":"https:\/\/ifactory3d.com\/en\/produkt\/einhausung-enclosure-one-pro\/#breadcrumb"},"inLanguage":"en-US","potentialAction":[{"@type":"ReadAction","target":["https:\/\/ifactory3d.com\/en\/produkt\/einhausung-enclosure-one-pro\/"]}]},{"@type":"BreadcrumbList","@id":"https:\/\/ifactory3d.com\/en\/produkt\/einhausung-enclosure-one-pro\/#breadcrumb","itemListElement":[{"@type":"ListItem","position":1,"name":"Home","item":"https:\/\/ifactory3d.com\/en\/"},{"@type":"ListItem","position":2,"name":"Print Shop","item":"https:\/\/ifactory3d.com\/en\/shop\/"},{"@type":"ListItem","position":3,"name":"Einhausung &#8211; Enclosure One Pro"}]},{"@type":"WebSite","@id":"https:\/\/ifactory3d.com\/en\/#website","url":"https:\/\/ifactory3d.com\/en\/","name":"iFactory3D","description":"3D Flie\u00dfbanddrucker","publisher":{"@id":"https:\/\/ifactory3d.com\/en\/#organization"},"potentialAction":[{"@type":"SearchAction","target":{"@type":"EntryPoint","urlTemplate":"https:\/\/ifactory3d.com\/en\/?s={search_term_string}"},"query-input":"required name=search_term_string"}],"inLanguage":"en-US"},{"@type":"Organization","@id":"https:\/\/ifactory3d.com\/en\/#organization","name":"iFactory3D","url":"https:\/\/ifactory3d.com\/en\/","logo":{"@type":"ImageObject","inLanguage":"en-US","@id":"https:\/\/ifactory3d.com\/en\/#\/schema\/logo\/image\/","url":"https:\/\/ifactory3d.com\/wp-content\/uploads\/2022\/07\/ifactory-3d-logo.svg","contentUrl":"https:\/\/ifactory3d.com\/wp-content\/uploads\/2022\/07\/ifactory-3d-logo.svg","width":155,"height":29,"caption":"iFactory3D"},"image":{"@id":"https:\/\/ifactory3d.com\/en\/#\/schema\/logo\/image\/"},"sameAs":["https:\/\/www.facebook.com\/iFactory3D\/","https:\/\/twitter.com\/ifactory3do","https:\/\/www.linkedin.com\/company\/ifactory3d\/","https:\/\/www.youtube.com\/c\/iFACTORY3D"]}]}},"_links":{"self":[{"href":"https:\/\/ifactory3d.com\/en\/wp-json\/wp\/v2\/product\/4911"}],"collection":[{"href":"https:\/\/ifactory3d.com\/en\/wp-json\/wp\/v2\/product"}],"about":[{"href":"https:\/\/ifactory3d.com\/en\/wp-json\/wp\/v2\/types\/product"}],"replies":[{"embeddable":true,"href":"https:\/\/ifactory3d.com\/en\/wp-json\/wp\/v2\/comments?post=4911"}],"wp:featuredmedia":[{"embeddable":true,"href":"https:\/\/ifactory3d.com\/en\/wp-json\/wp\/v2\/media\/4933"}],"wp:attachment":[{"href":"https:\/\/ifactory3d.com\/en\/wp-json\/wp\/v2\/media?parent=4911"}],"wp:term":[{"taxonomy":"product_cat","embeddable":true,"href":"https:\/\/ifactory3d.com\/en\/wp-json\/wp\/v2\/product_cat?post=4911"},{"taxonomy":"product_tag","embeddable":true,"href":"https:\/\/ifactory3d.com\/en\/wp-json\/wp\/v2\/product_tag?post=4911"}],"curies":[{"name":"wp","href":"https:\/\/api.w.org\/{rel}","templated":true}]}}