{"id":408,"date":"2023-03-14T17:40:45","date_gmt":"2023-03-14T17:40:45","guid":{"rendered":"https:\/\/ifactory3d.com\/Einlegesohlen\/?page_id=408"},"modified":"2025-08-10T10:44:08","modified_gmt":"2025-08-10T10:44:08","slug":"impressum","status":"publish","type":"page","link":"https:\/\/ifactory3d.com\/Einlegesohlen\/impressum\/","title":{"rendered":"Impressum"},"content":{"rendered":"\t\t<div data-elementor-type=\"wp-page\" data-elementor-id=\"408\" class=\"elementor elementor-408\">\n\t\t\t\t\t\t<section class=\"elementor-section elementor-top-section elementor-element elementor-element-bb73a8c elementor-section-boxed elementor-section-height-default elementor-section-height-default\" data-id=\"bb73a8c\" data-element_type=\"section\" data-e-type=\"section\">\n\t\t\t\t\t\t<div class=\"elementor-container elementor-column-gap-default\">\n\t\t\t\t\t<div class=\"elementor-column elementor-col-33 elementor-top-column elementor-element elementor-element-7b5e1cd\" data-id=\"7b5e1cd\" data-element_type=\"column\" data-e-type=\"column\">\n\t\t\t<div class=\"elementor-widget-wrap\">\n\t\t\t\t\t\t\t<\/div>\n\t\t<\/div>\n\t\t\t\t<div class=\"elementor-column elementor-col-33 elementor-top-column elementor-element elementor-element-9604715\" data-id=\"9604715\" data-element_type=\"column\" data-e-type=\"column\">\n\t\t\t<div class=\"elementor-widget-wrap elementor-element-populated\">\n\t\t\t\t\t\t<div class=\"elementor-element elementor-element-26199d3 elementor-widget elementor-widget-theme-site-logo elementor-widget-image\" data-id=\"26199d3\" data-element_type=\"widget\" data-e-type=\"widget\" data-widget_type=\"theme-site-logo.default\">\n\t\t\t\t<div class=\"elementor-widget-container\">\n\t\t\t\t\t\t\t\t\t\t\t\t\t\t\t\t<a href=\"https:\/\/ifactory3d.com\/Einlegesohlen\">\n\t\t\t\t\t\t\t<img fetchpriority=\"high\" decoding=\"async\" width=\"1000\" height=\"182\" src=\"https:\/\/ifactory3d.com\/Einlegesohlen\/wp-content\/uploads\/2023\/03\/ifactory3d-white-logo.png\" class=\"attachment-full size-full wp-image-521\" alt=\"\" srcset=\"https:\/\/ifactory3d.com\/Einlegesohlen\/wp-content\/uploads\/2023\/03\/ifactory3d-white-logo.png 1000w, https:\/\/ifactory3d.com\/Einlegesohlen\/wp-content\/uploads\/2023\/03\/ifactory3d-white-logo-300x55.png 300w, https:\/\/ifactory3d.com\/Einlegesohlen\/wp-content\/uploads\/2023\/03\/ifactory3d-white-logo-768x140.png 768w\" sizes=\"(max-width: 1000px) 100vw, 1000px\" \/>\t\t\t\t\t\t\t\t<\/a>\n\t\t\t\t\t\t\t\t\t\t\t\t\t\t\t<\/div>\n\t\t\t\t<\/div>\n\t\t\t\t\t<\/div>\n\t\t<\/div>\n\t\t\t\t<div class=\"elementor-column elementor-col-33 elementor-top-column elementor-element elementor-element-56435c0\" data-id=\"56435c0\" data-element_type=\"column\" data-e-type=\"column\">\n\t\t\t<div class=\"elementor-widget-wrap\">\n\t\t\t\t\t\t\t<\/div>\n\t\t<\/div>\n\t\t\t\t\t<\/div>\n\t\t<\/section>\n\t\t\t\t<section class=\"elementor-section elementor-top-section elementor-element elementor-element-710ac7e3 elementor-section-boxed elementor-section-height-default elementor-section-height-default\" data-id=\"710ac7e3\" data-element_type=\"section\" data-e-type=\"section\">\n\t\t\t\t\t\t<div class=\"elementor-container elementor-column-gap-default\">\n\t\t\t\t\t<div class=\"elementor-column elementor-col-100 elementor-top-column elementor-element elementor-element-23ab3695\" data-id=\"23ab3695\" data-element_type=\"column\" data-e-type=\"column\">\n\t\t\t<div class=\"elementor-widget-wrap elementor-element-populated\">\n\t\t\t\t\t\t<div class=\"elementor-element elementor-element-dfc6fa3 elementor-widget elementor-widget-heading\" data-id=\"dfc6fa3\" data-element_type=\"widget\" data-e-type=\"widget\" data-widget_type=\"heading.default\">\n\t\t\t\t<div class=\"elementor-widget-container\">\n\t\t\t\t\t<h2 class=\"elementor-heading-title elementor-size-default\">Impressum<\/h2>\t\t\t\t<\/div>\n\t\t\t\t<\/div>\n\t\t\t\t<div class=\"elementor-element elementor-element-ce118dc elementor-widget__width-initial elementor-widget elementor-widget-text-editor\" data-id=\"ce118dc\" data-element_type=\"widget\" data-e-type=\"widget\" data-widget_type=\"text-editor.default\">\n\t\t\t\t<div class=\"elementor-widget-container\">\n\t\t\t\t\t\t\t\t\t<header class=\"entry-header\">\n<h2 class=\"entry-header\">&nbsp;<\/h2>\n<div class=\"entry-content\">\n<h2><span style=\"color: #ffffff;\">Angaben gem\u00e4\u00df \u00a75 TMG<\/span><\/h2>\n<p>iFactory3D GmbH<br>Wanheimer Str. 43<br>D-40472 D\u00fcsseldorf<\/p>\n<p>Handelsregister: 91276<br>Registergericht: D\u00fcsseldorf<\/p>\n<h3 id=\"h-vertreten-durch\"><span style=\"color: #ffffff;\">Vertreten durch:<\/span><\/h3>\n<p>Artur Steffen<\/p>\n<h3 id=\"h-kontakt\"><span style=\"color: #ffffff;\">Kontakt<\/span><\/h3>\n<p>Telefon: +49 211 15859748<br>E-Mail: build@iFactory3D.com<\/p>\n<h3 id=\"h-redaktionell-verantwortlich\"><span style=\"color: #ffffff;\">Redaktionell verantwortlich<\/span><\/h3>\n<p>Corinna Marmetschke<\/p>\n<h3 id=\"h-umsatzsteuer-id\"><span style=\"color: #ffffff;\">Umsatzsteuer-ID<\/span><\/h3>\n<p>Umsatzsteuer-Identifikationsnummer gem\u00e4\u00df \u00a7 27 a Umsatzsteuergesetz: DE335027120<\/p>\n<h3 id=\"h-eu-streitschlichtung\"><font color=\"#ffffff\">Verbraucherstreitbeilegung<\/font><\/h3>\n<p>Wir nehmen nicht an einem Streitbeilegungsverfahren vor einer Verbraucherschlichtungsstelle teil und sind hierzu auch nicht verpflichtet.<\/p>\n<p>Die Europ\u00e4ische Plattform f\u00fcr Online-Streitbeilegung (OS-Plattform) wurde zum 20.07.2025 eingestellt und steht nicht mehr zur Verf\u00fcgung.<\/p>\n<h3 id=\"h-verbraucher-streit-beilegung-universal-schlichtungs-stelle\"><span style=\"color: #ffffff;\">Verbraucher\u00adstreit\u00adbeilegung\/Universal\u00adschlichtungs\u00adstelle<\/span><\/h3>\n<p>Wir sind nicht bereit oder verpflichtet, an Streitbeilegungsverfahren vor einer Verbraucherschlichtungsstelle teilzunehmen.<\/p>\n<\/div>\n<h1 class=\"entry-title\"><span style=\"font-size: 16px;\">.<\/span><\/h1>\n<\/header>\t\t\t\t\t\t\t\t<\/div>\n\t\t\t\t<\/div>\n\t\t\t\t\t<\/div>\n\t\t<\/div>\n\t\t\t\t\t<\/div>\n\t\t<\/section>\n\t\t\t\t<section class=\"elementor-section elementor-top-section elementor-element elementor-element-b516ad1 elementor-section-boxed elementor-section-height-default elementor-section-height-default\" data-id=\"b516ad1\" data-element_type=\"section\" data-e-type=\"section\" data-settings=\"{&quot;background_background&quot;:&quot;classic&quot;}\">\n\t\t\t\t\t\t<div class=\"elementor-container elementor-column-gap-default\">\n\t\t\t\t\t<div class=\"elementor-column elementor-col-33 elementor-top-column elementor-element elementor-element-f5d392f\" data-id=\"f5d392f\" data-element_type=\"column\" data-e-type=\"column\">\n\t\t\t<div class=\"elementor-widget-wrap elementor-element-populated\">\n\t\t\t\t\t\t<div class=\"elementor-element elementor-element-5ee7da3 elementor-widget elementor-widget-heading\" data-id=\"5ee7da3\" data-element_type=\"widget\" data-e-type=\"widget\" data-widget_type=\"heading.default\">\n\t\t\t\t<div class=\"elementor-widget-container\">\n\t\t\t\t\t<h6 class=\"elementor-heading-title elementor-size-default\">Rechtliches<\/h6>\t\t\t\t<\/div>\n\t\t\t\t<\/div>\n\t\t\t\t<div class=\"elementor-element elementor-element-3f8d8d2 elementor-widget elementor-widget-heading\" data-id=\"3f8d8d2\" data-element_type=\"widget\" data-e-type=\"widget\" data-widget_type=\"heading.default\">\n\t\t\t\t<div class=\"elementor-widget-container\">\n\t\t\t\t\t<h6 class=\"elementor-heading-title elementor-size-default\"><a href=\"https:\/\/ifactory3d.com\/Einlegesohlen\/datenschutzerklarung\/\">Datenschutzerkl\u00e4rung<\/a><\/h6>\t\t\t\t<\/div>\n\t\t\t\t<\/div>\n\t\t\t\t<div class=\"elementor-element elementor-element-6f07281 elementor-widget elementor-widget-heading\" data-id=\"6f07281\" data-element_type=\"widget\" data-e-type=\"widget\" data-widget_type=\"heading.default\">\n\t\t\t\t<div class=\"elementor-widget-container\">\n\t\t\t\t\t<h6 class=\"elementor-heading-title elementor-size-default\"><a href=\"https:\/\/ifactory3d.com\/Einlegesohlen\/agb\/\">AGB<\/a><\/h6>\t\t\t\t<\/div>\n\t\t\t\t<\/div>\n\t\t\t\t<div class=\"elementor-element elementor-element-eae8ad7 elementor-widget elementor-widget-heading\" data-id=\"eae8ad7\" data-element_type=\"widget\" data-e-type=\"widget\" data-widget_type=\"heading.default\">\n\t\t\t\t<div class=\"elementor-widget-container\">\n\t\t\t\t\t<h6 class=\"elementor-heading-title elementor-size-default\"><a href=\"https:\/\/ifactory3d.com\/Einlegesohlen\/versand-und-zahlung\/\">Versand und Zahlung<\/a><\/h6>\t\t\t\t<\/div>\n\t\t\t\t<\/div>\n\t\t\t\t<div class=\"elementor-element elementor-element-fe8fd4f elementor-widget elementor-widget-heading\" data-id=\"fe8fd4f\" data-element_type=\"widget\" data-e-type=\"widget\" data-widget_type=\"heading.default\">\n\t\t\t\t<div class=\"elementor-widget-container\">\n\t\t\t\t\t<h6 class=\"elementor-heading-title elementor-size-default\"><a href=\"https:\/\/ifactory3d.com\/Einlegesohlen\/widerrufsbelehrung\/\">Widerrufsbelehrung<\/a><\/h6>\t\t\t\t<\/div>\n\t\t\t\t<\/div>\n\t\t\t\t\t<\/div>\n\t\t<\/div>\n\t\t\t\t<div class=\"elementor-column elementor-col-33 elementor-top-column elementor-element elementor-element-f9f819d elementor-hidden-mobile\" data-id=\"f9f819d\" data-element_type=\"column\" data-e-type=\"column\">\n\t\t\t<div class=\"elementor-widget-wrap elementor-element-populated\">\n\t\t\t\t\t\t<div class=\"elementor-element elementor-element-41501e8 elementor-widget elementor-widget-theme-site-logo elementor-widget-image\" data-id=\"41501e8\" data-element_type=\"widget\" data-e-type=\"widget\" data-widget_type=\"theme-site-logo.default\">\n\t\t\t\t<div class=\"elementor-widget-container\">\n\t\t\t\t\t\t\t\t\t\t\t\t\t\t\t\t<a href=\"https:\/\/ifactory3d.com\/Einlegesohlen\">\n\t\t\t\t\t\t\t<img decoding=\"async\" width=\"300\" height=\"55\" src=\"https:\/\/ifactory3d.com\/Einlegesohlen\/wp-content\/uploads\/2023\/03\/ifactory3d-white-logo.png\" class=\"attachment-medium size-medium wp-image-521\" alt=\"\" srcset=\"https:\/\/ifactory3d.com\/Einlegesohlen\/wp-content\/uploads\/2023\/03\/ifactory3d-white-logo-300x55.png 300w, https:\/\/ifactory3d.com\/Einlegesohlen\/wp-content\/uploads\/2023\/03\/ifactory3d-white-logo-768x140.png 768w, https:\/\/ifactory3d.com\/Einlegesohlen\/wp-content\/uploads\/2023\/03\/ifactory3d-white-logo.png 1000w\" sizes=\"(max-width: 300px) 100vw, 300px\" \/>\t\t\t\t\t\t\t\t<\/a>\n\t\t\t\t\t\t\t\t\t\t\t\t\t\t\t<\/div>\n\t\t\t\t<\/div>\n\t\t\t\t<div class=\"elementor-element elementor-element-8073e67 elementor-hidden-mobile elementor-widget elementor-widget-spacer\" data-id=\"8073e67\" data-element_type=\"widget\" data-e-type=\"widget\" data-widget_type=\"spacer.default\">\n\t\t\t\t<div class=\"elementor-widget-container\">\n\t\t\t\t\t\t\t<div class=\"elementor-spacer\">\n\t\t\t<div class=\"elementor-spacer-inner\"><\/div>\n\t\t<\/div>\n\t\t\t\t\t\t<\/div>\n\t\t\t\t<\/div>\n\t\t\t\t<div class=\"elementor-element elementor-element-a6679ac elementor-widget elementor-widget-text-editor\" data-id=\"a6679ac\" data-element_type=\"widget\" data-e-type=\"widget\" data-widget_type=\"text-editor.default\">\n\t\t\t\t<div class=\"elementor-widget-container\">\n\t\t\t\t\t\t\t\t\t<p>\u00a9\u00a02023 iFactory3D GmbH<\/p>\t\t\t\t\t\t\t\t<\/div>\n\t\t\t\t<\/div>\n\t\t\t\t\t<\/div>\n\t\t<\/div>\n\t\t\t\t<div class=\"elementor-column elementor-col-33 elementor-top-column elementor-element elementor-element-2691440 elementor-hidden-tablet\" data-id=\"2691440\" data-element_type=\"column\" data-e-type=\"column\">\n\t\t\t<div class=\"elementor-widget-wrap elementor-element-populated\">\n\t\t\t\t\t\t<div class=\"elementor-element elementor-element-bce4b07 elementor-widget elementor-widget-heading\" data-id=\"bce4b07\" data-element_type=\"widget\" data-e-type=\"widget\" data-widget_type=\"heading.default\">\n\t\t\t\t<div class=\"elementor-widget-container\">\n\t\t\t\t\t<h6 class=\"elementor-heading-title elementor-size-default\"><a href=\"https:\/\/ifactory3d.com\/Einlegesohlen\/impressum\/\">Impressum<\/a><\/h6>\t\t\t\t<\/div>\n\t\t\t\t<\/div>\n\t\t\t\t<div class=\"elementor-element elementor-element-1e8b310 elementor-widget elementor-widget-heading\" data-id=\"1e8b310\" data-element_type=\"widget\" data-e-type=\"widget\" data-widget_type=\"heading.default\">\n\t\t\t\t<div class=\"elementor-widget-container\">\n\t\t\t\t\t<h6 class=\"elementor-heading-title elementor-size-default\"><a href=\"https:\/\/ifactory3d.com\/Einlegesohlen\/kontakt\/\">Kontaktformular<\/a><\/h6>\t\t\t\t<\/div>\n\t\t\t\t<\/div>\n\t\t\t\t<div class=\"elementor-element elementor-element-f07000a elementor-hidden-desktop elementor-hidden-tablet elementor-widget elementor-widget-theme-site-logo elementor-widget-image\" data-id=\"f07000a\" data-element_type=\"widget\" data-e-type=\"widget\" data-widget_type=\"theme-site-logo.default\">\n\t\t\t\t<div class=\"elementor-widget-container\">\n\t\t\t\t\t\t\t\t\t\t\t\t\t\t\t\t<a href=\"https:\/\/ifactory3d.com\/Einlegesohlen\">\n\t\t\t\t\t\t\t<img decoding=\"async\" width=\"300\" height=\"55\" src=\"https:\/\/ifactory3d.com\/Einlegesohlen\/wp-content\/uploads\/2023\/03\/ifactory3d-white-logo.png\" class=\"attachment-medium size-medium wp-image-521\" alt=\"\" srcset=\"https:\/\/ifactory3d.com\/Einlegesohlen\/wp-content\/uploads\/2023\/03\/ifactory3d-white-logo-300x55.png 300w, https:\/\/ifactory3d.com\/Einlegesohlen\/wp-content\/uploads\/2023\/03\/ifactory3d-white-logo-768x140.png 768w, https:\/\/ifactory3d.com\/Einlegesohlen\/wp-content\/uploads\/2023\/03\/ifactory3d-white-logo.png 1000w\" sizes=\"(max-width: 300px) 100vw, 300px\" \/>\t\t\t\t\t\t\t\t<\/a>\n\t\t\t\t\t\t\t\t\t\t\t\t\t\t\t<\/div>\n\t\t\t\t<\/div>\n\t\t\t\t<div class=\"elementor-element elementor-element-5d73e56 elementor-hidden-desktop elementor-hidden-tablet elementor-widget elementor-widget-text-editor\" data-id=\"5d73e56\" data-element_type=\"widget\" data-e-type=\"widget\" data-widget_type=\"text-editor.default\">\n\t\t\t\t<div class=\"elementor-widget-container\">\n\t\t\t\t\t\t\t\t\t<p>\u00a9\u00a02023 iFactory3D GmbH<\/p>\t\t\t\t\t\t\t\t<\/div>\n\t\t\t\t<\/div>\n\t\t\t\t\t<\/div>\n\t\t<\/div>\n\t\t\t\t\t<\/div>\n\t\t<\/section>\n\t\t\t\t<\/div>\n\t\t","protected":false},"excerpt":{"rendered":"<p>Impressum &nbsp; Angaben gem\u00e4\u00df \u00a75 TMG iFactory3D GmbHWanheimer Str. 43D-40472 D\u00fcsseldorf Handelsregister: 91276Registergericht: D\u00fcsseldorf Vertreten durch: Artur Steffen Kontakt Telefon: +49 211 15859748E-Mail: build@iFactory3D.com Redaktionell verantwortlich Corinna Marmetschke Umsatzsteuer-ID Umsatzsteuer-Identifikationsnummer gem\u00e4\u00df \u00a7 27 a Umsatzsteuergesetz: DE335027120 Verbraucherstreitbeilegung Wir nehmen nicht an einem Streitbeilegungsverfahren vor einer Verbraucherschlichtungsstelle teil und sind hierzu auch nicht verpflichtet. Die Europ\u00e4ische &hellip;<\/p>\n<p class=\"read-more\"> <a class=\"\" href=\"https:\/\/ifactory3d.com\/Einlegesohlen\/impressum\/\"> <span class=\"screen-reader-text\">Impressum<\/span> Read More &raquo;<\/a><\/p>\n","protected":false},"author":2,"featured_media":0,"parent":0,"menu_order":0,"comment_status":"closed","ping_status":"open","template":"elementor_canvas","meta":{"site-sidebar-layout":"default","site-content-layout":"default","ast-global-header-display":"","ast-main-header-display":"","ast-hfb-above-header-display":"","ast-hfb-below-header-display":"","ast-hfb-mobile-header-display":"","site-post-title":"","ast-breadcrumbs-content":"","ast-featured-img":"","footer-sml-layout":"","theme-transparent-header-meta":"","adv-header-id-meta":"","stick-header-meta":"","header-above-stick-meta":"","header-main-stick-meta":"","header-below-stick-meta":"","footnotes":""},"class_list":["post-408","page","type-page","status-publish","hentry"],"yoast_head":"<!-- This site is optimized with the Yoast SEO plugin v26.9 - https:\/\/yoast.com\/product\/yoast-seo-wordpress\/ -->\n<title>Impressum - Einlegesohlen vom Flie\u00dfband - iFactory3D<\/title>\n<meta name=\"description\" content=\"Einlegesohlen vom Flie\u00dfband - iFactory3D Impressum -\" \/>\n<meta name=\"robots\" content=\"index, follow, max-snippet:-1, max-image-preview:large, max-video-preview:-1\" \/>\n<link rel=\"canonical\" href=\"https:\/\/ifactory3d.com\/Einlegesohlen\/impressum\/\" \/>\n<meta property=\"og:locale\" content=\"en_US\" \/>\n<meta property=\"og:type\" content=\"article\" \/>\n<meta property=\"og:title\" content=\"Impressum - Einlegesohlen vom Flie\u00dfband - iFactory3D\" \/>\n<meta property=\"og:description\" content=\"Einlegesohlen vom Flie\u00dfband - iFactory3D Impressum -\" \/>\n<meta property=\"og:url\" content=\"https:\/\/ifactory3d.com\/Einlegesohlen\/impressum\/\" \/>\n<meta property=\"og:site_name\" content=\"Einlegesohlen vom Flie\u00dfband - iFactory3D\" \/>\n<meta property=\"article:modified_time\" content=\"2025-08-10T10:44:08+00:00\" \/>\n<meta name=\"twitter:card\" content=\"summary_large_image\" \/>\n<meta name=\"twitter:label1\" content=\"Est. reading time\" \/>\n\t<meta name=\"twitter:data1\" content=\"2 minutes\" \/>\n<script type=\"application\/ld+json\" class=\"yoast-schema-graph\">{\"@context\":\"https:\/\/schema.org\",\"@graph\":[{\"@type\":\"WebPage\",\"@id\":\"https:\/\/ifactory3d.com\/Einlegesohlen\/impressum\/\",\"url\":\"https:\/\/ifactory3d.com\/Einlegesohlen\/impressum\/\",\"name\":\"Impressum - Einlegesohlen vom Flie\u00dfband - iFactory3D\",\"isPartOf\":{\"@id\":\"https:\/\/ifactory3d.com\/Einlegesohlen\/#website\"},\"datePublished\":\"2023-03-14T17:40:45+00:00\",\"dateModified\":\"2025-08-10T10:44:08+00:00\",\"description\":\"Einlegesohlen vom Flie\u00dfband - iFactory3D Impressum -\",\"breadcrumb\":{\"@id\":\"https:\/\/ifactory3d.com\/Einlegesohlen\/impressum\/#breadcrumb\"},\"inLanguage\":\"en-US\",\"potentialAction\":[{\"@type\":\"ReadAction\",\"target\":[\"https:\/\/ifactory3d.com\/Einlegesohlen\/impressum\/\"]}]},{\"@type\":\"BreadcrumbList\",\"@id\":\"https:\/\/ifactory3d.com\/Einlegesohlen\/impressum\/#breadcrumb\",\"itemListElement\":[{\"@type\":\"ListItem\",\"position\":1,\"name\":\"Home\",\"item\":\"https:\/\/ifactory3d.com\/Einlegesohlen\/\"},{\"@type\":\"ListItem\",\"position\":2,\"name\":\"Impressum\"}]},{\"@type\":\"WebSite\",\"@id\":\"https:\/\/ifactory3d.com\/Einlegesohlen\/#website\",\"url\":\"https:\/\/ifactory3d.com\/Einlegesohlen\/\",\"name\":\"Einlegesohlen vom Flie\u00dfband - iFactory3D\",\"description\":\"\",\"publisher\":{\"@id\":\"https:\/\/ifactory3d.com\/Einlegesohlen\/#organization\"},\"potentialAction\":[{\"@type\":\"SearchAction\",\"target\":{\"@type\":\"EntryPoint\",\"urlTemplate\":\"https:\/\/ifactory3d.com\/Einlegesohlen\/?s={search_term_string}\"},\"query-input\":{\"@type\":\"PropertyValueSpecification\",\"valueRequired\":true,\"valueName\":\"search_term_string\"}}],\"inLanguage\":\"en-US\"},{\"@type\":\"Organization\",\"@id\":\"https:\/\/ifactory3d.com\/Einlegesohlen\/#organization\",\"name\":\"Einlegesohlen vom Flie\u00dfband - iFactory3D\",\"url\":\"https:\/\/ifactory3d.com\/Einlegesohlen\/\",\"logo\":{\"@type\":\"ImageObject\",\"inLanguage\":\"en-US\",\"@id\":\"https:\/\/ifactory3d.com\/Einlegesohlen\/#\/schema\/logo\/image\/\",\"url\":\"https:\/\/ifactory3d.com\/Einlegesohlen\/wp-content\/uploads\/2023\/03\/ifactory3d-white-logo.png\",\"contentUrl\":\"https:\/\/ifactory3d.com\/Einlegesohlen\/wp-content\/uploads\/2023\/03\/ifactory3d-white-logo.png\",\"width\":1000,\"height\":182,\"caption\":\"Einlegesohlen vom Flie\u00dfband - iFactory3D\"},\"image\":{\"@id\":\"https:\/\/ifactory3d.com\/Einlegesohlen\/#\/schema\/logo\/image\/\"}}]}<\/script>\n<!-- \/ Yoast SEO plugin. -->","yoast_head_json":{"title":"Impressum - Einlegesohlen vom Flie\u00dfband - iFactory3D","description":"Einlegesohlen vom Flie\u00dfband - iFactory3D Impressum -","robots":{"index":"index","follow":"follow","max-snippet":"max-snippet:-1","max-image-preview":"max-image-preview:large","max-video-preview":"max-video-preview:-1"},"canonical":"https:\/\/ifactory3d.com\/Einlegesohlen\/impressum\/","og_locale":"en_US","og_type":"article","og_title":"Impressum - Einlegesohlen vom Flie\u00dfband - iFactory3D","og_description":"Einlegesohlen vom Flie\u00dfband - iFactory3D Impressum -","og_url":"https:\/\/ifactory3d.com\/Einlegesohlen\/impressum\/","og_site_name":"Einlegesohlen vom Flie\u00dfband - iFactory3D","article_modified_time":"2025-08-10T10:44:08+00:00","twitter_card":"summary_large_image","twitter_misc":{"Est. reading time":"2 minutes"},"schema":{"@context":"https:\/\/schema.org","@graph":[{"@type":"WebPage","@id":"https:\/\/ifactory3d.com\/Einlegesohlen\/impressum\/","url":"https:\/\/ifactory3d.com\/Einlegesohlen\/impressum\/","name":"Impressum - Einlegesohlen vom Flie\u00dfband - iFactory3D","isPartOf":{"@id":"https:\/\/ifactory3d.com\/Einlegesohlen\/#website"},"datePublished":"2023-03-14T17:40:45+00:00","dateModified":"2025-08-10T10:44:08+00:00","description":"Einlegesohlen vom Flie\u00dfband - iFactory3D Impressum -","breadcrumb":{"@id":"https:\/\/ifactory3d.com\/Einlegesohlen\/impressum\/#breadcrumb"},"inLanguage":"en-US","potentialAction":[{"@type":"ReadAction","target":["https:\/\/ifactory3d.com\/Einlegesohlen\/impressum\/"]}]},{"@type":"BreadcrumbList","@id":"https:\/\/ifactory3d.com\/Einlegesohlen\/impressum\/#breadcrumb","itemListElement":[{"@type":"ListItem","position":1,"name":"Home","item":"https:\/\/ifactory3d.com\/Einlegesohlen\/"},{"@type":"ListItem","position":2,"name":"Impressum"}]},{"@type":"WebSite","@id":"https:\/\/ifactory3d.com\/Einlegesohlen\/#website","url":"https:\/\/ifactory3d.com\/Einlegesohlen\/","name":"Einlegesohlen vom Flie\u00dfband - iFactory3D","description":"","publisher":{"@id":"https:\/\/ifactory3d.com\/Einlegesohlen\/#organization"},"potentialAction":[{"@type":"SearchAction","target":{"@type":"EntryPoint","urlTemplate":"https:\/\/ifactory3d.com\/Einlegesohlen\/?s={search_term_string}"},"query-input":{"@type":"PropertyValueSpecification","valueRequired":true,"valueName":"search_term_string"}}],"inLanguage":"en-US"},{"@type":"Organization","@id":"https:\/\/ifactory3d.com\/Einlegesohlen\/#organization","name":"Einlegesohlen vom Flie\u00dfband - iFactory3D","url":"https:\/\/ifactory3d.com\/Einlegesohlen\/","logo":{"@type":"ImageObject","inLanguage":"en-US","@id":"https:\/\/ifactory3d.com\/Einlegesohlen\/#\/schema\/logo\/image\/","url":"https:\/\/ifactory3d.com\/Einlegesohlen\/wp-content\/uploads\/2023\/03\/ifactory3d-white-logo.png","contentUrl":"https:\/\/ifactory3d.com\/Einlegesohlen\/wp-content\/uploads\/2023\/03\/ifactory3d-white-logo.png","width":1000,"height":182,"caption":"Einlegesohlen vom Flie\u00dfband - iFactory3D"},"image":{"@id":"https:\/\/ifactory3d.com\/Einlegesohlen\/#\/schema\/logo\/image\/"}}]}},"_links":{"self":[{"href":"https:\/\/ifactory3d.com\/Einlegesohlen\/wp-json\/wp\/v2\/pages\/408","targetHints":{"allow":["GET"]}}],"collection":[{"href":"https:\/\/ifactory3d.com\/Einlegesohlen\/wp-json\/wp\/v2\/pages"}],"about":[{"href":"https:\/\/ifactory3d.com\/Einlegesohlen\/wp-json\/wp\/v2\/types\/page"}],"author":[{"embeddable":true,"href":"https:\/\/ifactory3d.com\/Einlegesohlen\/wp-json\/wp\/v2\/users\/2"}],"replies":[{"embeddable":true,"href":"https:\/\/ifactory3d.com\/Einlegesohlen\/wp-json\/wp\/v2\/comments?post=408"}],"version-history":[{"count":19,"href":"https:\/\/ifactory3d.com\/Einlegesohlen\/wp-json\/wp\/v2\/pages\/408\/revisions"}],"predecessor-version":[{"id":1069,"href":"https:\/\/ifactory3d.com\/Einlegesohlen\/wp-json\/wp\/v2\/pages\/408\/revisions\/1069"}],"wp:attachment":[{"href":"https:\/\/ifactory3d.com\/Einlegesohlen\/wp-json\/wp\/v2\/media?parent=408"}],"curies":[{"name":"wp","href":"https:\/\/api.w.org\/{rel}","templated":true}]}}