{"id":388,"date":"2023-03-14T17:32:03","date_gmt":"2023-03-14T17:32:03","guid":{"rendered":"https:\/\/ifactory3d.com\/Einlegesohlen\/?page_id=388"},"modified":"2023-03-19T19:17:48","modified_gmt":"2023-03-19T19:17:48","slug":"versand-und-zahlung","status":"publish","type":"page","link":"https:\/\/ifactory3d.com\/Einlegesohlen\/versand-und-zahlung\/","title":{"rendered":"Versand und Zahlung"},"content":{"rendered":"\t\t<div data-elementor-type=\"wp-page\" data-elementor-id=\"388\" class=\"elementor elementor-388\">\n\t\t\t\t\t\t<section class=\"elementor-section elementor-top-section elementor-element elementor-element-bb73a8c elementor-section-boxed elementor-section-height-default elementor-section-height-default\" data-id=\"bb73a8c\" data-element_type=\"section\" data-e-type=\"section\">\n\t\t\t\t\t\t<div class=\"elementor-container elementor-column-gap-default\">\n\t\t\t\t\t<div class=\"elementor-column elementor-col-33 elementor-top-column elementor-element elementor-element-7b5e1cd\" data-id=\"7b5e1cd\" data-element_type=\"column\" data-e-type=\"column\">\n\t\t\t<div class=\"elementor-widget-wrap\">\n\t\t\t\t\t\t\t<\/div>\n\t\t<\/div>\n\t\t\t\t<div class=\"elementor-column elementor-col-33 elementor-top-column elementor-element elementor-element-9604715\" data-id=\"9604715\" data-element_type=\"column\" data-e-type=\"column\">\n\t\t\t<div class=\"elementor-widget-wrap elementor-element-populated\">\n\t\t\t\t\t\t<div class=\"elementor-element elementor-element-26199d3 elementor-widget elementor-widget-theme-site-logo elementor-widget-image\" data-id=\"26199d3\" data-element_type=\"widget\" data-e-type=\"widget\" data-widget_type=\"theme-site-logo.default\">\n\t\t\t\t<div class=\"elementor-widget-container\">\n\t\t\t\t\t\t\t\t\t\t\t\t\t\t\t\t<a href=\"https:\/\/ifactory3d.com\/Einlegesohlen\">\n\t\t\t\t\t\t\t<img fetchpriority=\"high\" decoding=\"async\" width=\"1000\" height=\"182\" src=\"https:\/\/ifactory3d.com\/Einlegesohlen\/wp-content\/uploads\/2023\/03\/ifactory3d-white-logo.png\" class=\"attachment-full size-full wp-image-521\" alt=\"\" srcset=\"https:\/\/ifactory3d.com\/Einlegesohlen\/wp-content\/uploads\/2023\/03\/ifactory3d-white-logo.png 1000w, https:\/\/ifactory3d.com\/Einlegesohlen\/wp-content\/uploads\/2023\/03\/ifactory3d-white-logo-300x55.png 300w, https:\/\/ifactory3d.com\/Einlegesohlen\/wp-content\/uploads\/2023\/03\/ifactory3d-white-logo-768x140.png 768w\" sizes=\"(max-width: 1000px) 100vw, 1000px\" \/>\t\t\t\t\t\t\t\t<\/a>\n\t\t\t\t\t\t\t\t\t\t\t\t\t\t\t<\/div>\n\t\t\t\t<\/div>\n\t\t\t\t\t<\/div>\n\t\t<\/div>\n\t\t\t\t<div class=\"elementor-column elementor-col-33 elementor-top-column elementor-element elementor-element-56435c0\" data-id=\"56435c0\" data-element_type=\"column\" data-e-type=\"column\">\n\t\t\t<div class=\"elementor-widget-wrap\">\n\t\t\t\t\t\t\t<\/div>\n\t\t<\/div>\n\t\t\t\t\t<\/div>\n\t\t<\/section>\n\t\t\t\t<section class=\"elementor-section elementor-top-section elementor-element elementor-element-710ac7e3 elementor-section-boxed elementor-section-height-default elementor-section-height-default\" data-id=\"710ac7e3\" data-element_type=\"section\" data-e-type=\"section\">\n\t\t\t\t\t\t<div class=\"elementor-container elementor-column-gap-default\">\n\t\t\t\t\t<div class=\"elementor-column elementor-col-100 elementor-top-column elementor-element elementor-element-23ab3695\" data-id=\"23ab3695\" data-element_type=\"column\" data-e-type=\"column\">\n\t\t\t<div class=\"elementor-widget-wrap elementor-element-populated\">\n\t\t\t\t\t\t<div class=\"elementor-element elementor-element-ce118dc elementor-widget elementor-widget-text-editor\" data-id=\"ce118dc\" data-element_type=\"widget\" data-e-type=\"widget\" data-widget_type=\"text-editor.default\">\n\t\t\t\t<div class=\"elementor-widget-container\">\n\t\t\t\t\t\t\t\t\t<header class=\"entry-header\"><h1 class=\"entry-title\"><span style=\"color: #ffffff;\">Versand und Zahlung<\/span><\/h1><\/header><div class=\"entry-content\"><h2 id=\"h-es-gelten-folgende-bedingungen\"><span style=\"color: #ffffff;\">Es gelten folgende Bedingungen:<\/span><\/h2><h3 id=\"h-versandbedingungen\"><span style=\"color: #ffffff;\">Versandbedingungen<\/span><\/h3><p>Die Lieferung erfolgt innerhalb Deutschlands und Weltweit.<br \/>Ausgeschlossen hiervon sind folgende L\u00e4nder: Schweiz, Russland.<\/p><p>Bitte beachten: Lieferungen nach UK ab einem Warenwert von 135 Pfund m\u00f6glich.<\/p><h3 id=\"h-versandkosten\"><span style=\"color: #ffffff;\">Versandkosten<\/span><\/h3><p><span style=\"color: #ffffff;\"><strong>Lieferungen im Inland (Deutschland):<\/strong><\/span><\/p><p>Versandkosten werden auf dem Angebot\/Rechnung ausgewiesen.<\/p><p><span style=\"color: #ffffff;\"><strong>Lieferungen ins Ausland:<\/strong><\/span><\/p><p>Versandkosten werden auf dem Angebot\/Rechnung ausgewiesen. Sofern die Lieferung in ein Nicht-EU-Ausland erfolgt, k\u00f6nnen weitere Z\u00f6lle, Steuern oder Geb\u00fchren vom Kunden zu zahlen sein, jedoch nicht an den Anbieter, sondern an die dort zust\u00e4ndigen Zoll- bzw. Steuerbeh\u00f6rden. Dem Kunden wird empfohlen, die Einzelheiten vor der Bestellung bei den Zoll- bzw. Steuerbeh\u00f6rden zu erfragen.<\/p><p><span style=\"color: #ffffff;\"><strong>Lieferfristen<\/strong><\/span><\/p><p>Soweit im jeweiligen Angebot\/Rechnung keine andere Frist angegeben ist, erfolgt die Lieferung der Ware im Inland (Deutschland) innerhalb von 5-7 Tagen, bei Auslandslieferungen innerhalb von 7-14 Tagen nach Vertragsschluss (bei vereinbarter Vorauszahlung nach dem Zeitpunkt Ihrer Zahlungsanweisung).<\/p><p>Beachten Sie, dass an Sonn- und Feiertagen keine Zustellung erfolgt.<\/p><p>Haben Sie Artikel mit unterschiedlichen Lieferzeiten bestellt, versenden wir die Ware in einer gemeinsamen Sendung, sofern wir keine abweichenden Vereinbarungen mit Ihnen getroffen haben. Die Lieferzeit bestimmt sich in diesem Fall nach dem Artikel mit der l\u00e4ngsten Lieferzeit den Sie bestellt haben.<\/p><h3 id=\"h-akzeptierte-zahlungsmoglichkeiten\"><span style=\"color: #ffffff;\">Akzeptierte Zahlungsm\u00f6glichkeiten<\/span><\/h3><ul><li>Vorkasse per \u00dcberweisung<\/li><li>Zahlung per PayPal<\/li><li>Zahlung \u00fcber Kreditkarte<\/li><\/ul><p>Bei Fragen finden Sie unsere Kontaktdaten im Impressum.<\/p><\/div>\t\t\t\t\t\t\t\t<\/div>\n\t\t\t\t<\/div>\n\t\t\t\t\t<\/div>\n\t\t<\/div>\n\t\t\t\t\t<\/div>\n\t\t<\/section>\n\t\t\t\t<section class=\"elementor-section elementor-top-section elementor-element elementor-element-95ad57a elementor-section-boxed elementor-section-height-default elementor-section-height-default\" data-id=\"95ad57a\" data-element_type=\"section\" data-e-type=\"section\" data-settings=\"{&quot;background_background&quot;:&quot;classic&quot;}\">\n\t\t\t\t\t\t<div class=\"elementor-container elementor-column-gap-default\">\n\t\t\t\t\t<div class=\"elementor-column elementor-col-33 elementor-top-column elementor-element elementor-element-b8790cc\" data-id=\"b8790cc\" data-element_type=\"column\" data-e-type=\"column\">\n\t\t\t<div class=\"elementor-widget-wrap elementor-element-populated\">\n\t\t\t\t\t\t<div class=\"elementor-element elementor-element-b507a73 elementor-widget elementor-widget-heading\" data-id=\"b507a73\" data-element_type=\"widget\" data-e-type=\"widget\" data-widget_type=\"heading.default\">\n\t\t\t\t<div class=\"elementor-widget-container\">\n\t\t\t\t\t<h6 class=\"elementor-heading-title elementor-size-default\">Rechtliches<\/h6>\t\t\t\t<\/div>\n\t\t\t\t<\/div>\n\t\t\t\t<div class=\"elementor-element elementor-element-2749e85 elementor-widget elementor-widget-heading\" data-id=\"2749e85\" data-element_type=\"widget\" data-e-type=\"widget\" data-widget_type=\"heading.default\">\n\t\t\t\t<div class=\"elementor-widget-container\">\n\t\t\t\t\t<h6 class=\"elementor-heading-title elementor-size-default\"><a href=\"https:\/\/ifactory3d.com\/Einlegesohlen\/datenschutzerklarung\/\">Datenschutzerkl\u00e4rung<\/a><\/h6>\t\t\t\t<\/div>\n\t\t\t\t<\/div>\n\t\t\t\t<div class=\"elementor-element elementor-element-86e0062 elementor-widget elementor-widget-heading\" data-id=\"86e0062\" data-element_type=\"widget\" data-e-type=\"widget\" data-widget_type=\"heading.default\">\n\t\t\t\t<div class=\"elementor-widget-container\">\n\t\t\t\t\t<h6 class=\"elementor-heading-title elementor-size-default\"><a href=\"https:\/\/ifactory3d.com\/Einlegesohlen\/agb\/\">AGB<\/a><\/h6>\t\t\t\t<\/div>\n\t\t\t\t<\/div>\n\t\t\t\t<div class=\"elementor-element elementor-element-21da190 elementor-widget elementor-widget-heading\" data-id=\"21da190\" data-element_type=\"widget\" data-e-type=\"widget\" data-widget_type=\"heading.default\">\n\t\t\t\t<div class=\"elementor-widget-container\">\n\t\t\t\t\t<h6 class=\"elementor-heading-title elementor-size-default\"><a href=\"https:\/\/ifactory3d.com\/Einlegesohlen\/versand-und-zahlung\/\">Versand und Zahlung<\/a><\/h6>\t\t\t\t<\/div>\n\t\t\t\t<\/div>\n\t\t\t\t<div class=\"elementor-element elementor-element-0148474 elementor-widget elementor-widget-heading\" data-id=\"0148474\" data-element_type=\"widget\" data-e-type=\"widget\" data-widget_type=\"heading.default\">\n\t\t\t\t<div class=\"elementor-widget-container\">\n\t\t\t\t\t<h6 class=\"elementor-heading-title elementor-size-default\"><a href=\"https:\/\/ifactory3d.com\/Einlegesohlen\/widerrufsbelehrung\/\">Widerrufsbelehrung<\/a><\/h6>\t\t\t\t<\/div>\n\t\t\t\t<\/div>\n\t\t\t\t\t<\/div>\n\t\t<\/div>\n\t\t\t\t<div class=\"elementor-column elementor-col-33 elementor-top-column elementor-element elementor-element-c470ebc elementor-hidden-mobile\" data-id=\"c470ebc\" data-element_type=\"column\" data-e-type=\"column\">\n\t\t\t<div class=\"elementor-widget-wrap elementor-element-populated\">\n\t\t\t\t\t\t<div class=\"elementor-element elementor-element-7899b77 elementor-widget elementor-widget-theme-site-logo elementor-widget-image\" data-id=\"7899b77\" data-element_type=\"widget\" data-e-type=\"widget\" data-widget_type=\"theme-site-logo.default\">\n\t\t\t\t<div class=\"elementor-widget-container\">\n\t\t\t\t\t\t\t\t\t\t\t\t\t\t\t\t<a href=\"https:\/\/ifactory3d.com\/Einlegesohlen\">\n\t\t\t\t\t\t\t<img decoding=\"async\" width=\"300\" height=\"55\" src=\"https:\/\/ifactory3d.com\/Einlegesohlen\/wp-content\/uploads\/2023\/03\/ifactory3d-white-logo.png\" class=\"attachment-medium size-medium wp-image-521\" alt=\"\" srcset=\"https:\/\/ifactory3d.com\/Einlegesohlen\/wp-content\/uploads\/2023\/03\/ifactory3d-white-logo-300x55.png 300w, https:\/\/ifactory3d.com\/Einlegesohlen\/wp-content\/uploads\/2023\/03\/ifactory3d-white-logo-768x140.png 768w, https:\/\/ifactory3d.com\/Einlegesohlen\/wp-content\/uploads\/2023\/03\/ifactory3d-white-logo.png 1000w\" sizes=\"(max-width: 300px) 100vw, 300px\" \/>\t\t\t\t\t\t\t\t<\/a>\n\t\t\t\t\t\t\t\t\t\t\t\t\t\t\t<\/div>\n\t\t\t\t<\/div>\n\t\t\t\t<div class=\"elementor-element elementor-element-ec8f9ea elementor-hidden-mobile elementor-widget elementor-widget-spacer\" data-id=\"ec8f9ea\" data-element_type=\"widget\" data-e-type=\"widget\" data-widget_type=\"spacer.default\">\n\t\t\t\t<div class=\"elementor-widget-container\">\n\t\t\t\t\t\t\t<div class=\"elementor-spacer\">\n\t\t\t<div class=\"elementor-spacer-inner\"><\/div>\n\t\t<\/div>\n\t\t\t\t\t\t<\/div>\n\t\t\t\t<\/div>\n\t\t\t\t<div class=\"elementor-element elementor-element-6d95cff elementor-widget elementor-widget-text-editor\" data-id=\"6d95cff\" data-element_type=\"widget\" data-e-type=\"widget\" data-widget_type=\"text-editor.default\">\n\t\t\t\t<div class=\"elementor-widget-container\">\n\t\t\t\t\t\t\t\t\t<p>\u00a9\u00a02023 iFactory3D GmbH<\/p>\t\t\t\t\t\t\t\t<\/div>\n\t\t\t\t<\/div>\n\t\t\t\t\t<\/div>\n\t\t<\/div>\n\t\t\t\t<div class=\"elementor-column elementor-col-33 elementor-top-column elementor-element elementor-element-183c293 elementor-hidden-tablet\" data-id=\"183c293\" data-element_type=\"column\" data-e-type=\"column\">\n\t\t\t<div class=\"elementor-widget-wrap elementor-element-populated\">\n\t\t\t\t\t\t<div class=\"elementor-element elementor-element-eda5c93 elementor-widget elementor-widget-heading\" data-id=\"eda5c93\" data-element_type=\"widget\" data-e-type=\"widget\" data-widget_type=\"heading.default\">\n\t\t\t\t<div class=\"elementor-widget-container\">\n\t\t\t\t\t<h6 class=\"elementor-heading-title elementor-size-default\"><a href=\"https:\/\/ifactory3d.com\/Einlegesohlen\/impressum\/\">Impressum<\/a><\/h6>\t\t\t\t<\/div>\n\t\t\t\t<\/div>\n\t\t\t\t<div class=\"elementor-element elementor-element-4846b37 elementor-widget elementor-widget-heading\" data-id=\"4846b37\" data-element_type=\"widget\" data-e-type=\"widget\" data-widget_type=\"heading.default\">\n\t\t\t\t<div class=\"elementor-widget-container\">\n\t\t\t\t\t<h6 class=\"elementor-heading-title elementor-size-default\"><a href=\"https:\/\/ifactory3d.com\/Einlegesohlen\/kontakt\/\">Kontaktformular<\/a><\/h6>\t\t\t\t<\/div>\n\t\t\t\t<\/div>\n\t\t\t\t<div class=\"elementor-element elementor-element-94c7286 elementor-hidden-desktop elementor-hidden-tablet elementor-widget elementor-widget-theme-site-logo elementor-widget-image\" data-id=\"94c7286\" data-element_type=\"widget\" data-e-type=\"widget\" data-widget_type=\"theme-site-logo.default\">\n\t\t\t\t<div class=\"elementor-widget-container\">\n\t\t\t\t\t\t\t\t\t\t\t\t\t\t\t\t<a href=\"https:\/\/ifactory3d.com\/Einlegesohlen\">\n\t\t\t\t\t\t\t<img decoding=\"async\" width=\"300\" height=\"55\" src=\"https:\/\/ifactory3d.com\/Einlegesohlen\/wp-content\/uploads\/2023\/03\/ifactory3d-white-logo.png\" class=\"attachment-medium size-medium wp-image-521\" alt=\"\" srcset=\"https:\/\/ifactory3d.com\/Einlegesohlen\/wp-content\/uploads\/2023\/03\/ifactory3d-white-logo-300x55.png 300w, https:\/\/ifactory3d.com\/Einlegesohlen\/wp-content\/uploads\/2023\/03\/ifactory3d-white-logo-768x140.png 768w, https:\/\/ifactory3d.com\/Einlegesohlen\/wp-content\/uploads\/2023\/03\/ifactory3d-white-logo.png 1000w\" sizes=\"(max-width: 300px) 100vw, 300px\" \/>\t\t\t\t\t\t\t\t<\/a>\n\t\t\t\t\t\t\t\t\t\t\t\t\t\t\t<\/div>\n\t\t\t\t<\/div>\n\t\t\t\t<div class=\"elementor-element elementor-element-c10de63 elementor-hidden-desktop elementor-hidden-tablet elementor-widget elementor-widget-text-editor\" data-id=\"c10de63\" data-element_type=\"widget\" data-e-type=\"widget\" data-widget_type=\"text-editor.default\">\n\t\t\t\t<div class=\"elementor-widget-container\">\n\t\t\t\t\t\t\t\t\t<p>\u00a9\u00a02023 iFactory3D GmbH<\/p>\t\t\t\t\t\t\t\t<\/div>\n\t\t\t\t<\/div>\n\t\t\t\t\t<\/div>\n\t\t<\/div>\n\t\t\t\t\t<\/div>\n\t\t<\/section>\n\t\t\t\t<\/div>\n\t\t","protected":false},"excerpt":{"rendered":"<p>Versand und Zahlung Es gelten folgende Bedingungen: Versandbedingungen Die Lieferung erfolgt innerhalb Deutschlands und Weltweit.Ausgeschlossen hiervon sind folgende L\u00e4nder: Schweiz, Russland. Bitte beachten: Lieferungen nach UK ab einem Warenwert von 135 Pfund m\u00f6glich. Versandkosten Lieferungen im Inland (Deutschland): Versandkosten werden auf dem Angebot\/Rechnung ausgewiesen. Lieferungen ins Ausland: Versandkosten werden auf dem Angebot\/Rechnung ausgewiesen. Sofern die &hellip;<\/p>\n<p class=\"read-more\"> <a class=\"\" href=\"https:\/\/ifactory3d.com\/Einlegesohlen\/versand-und-zahlung\/\"> <span class=\"screen-reader-text\">Versand und Zahlung<\/span> Read More &raquo;<\/a><\/p>\n","protected":false},"author":2,"featured_media":0,"parent":0,"menu_order":0,"comment_status":"closed","ping_status":"open","template":"elementor_canvas","meta":{"site-sidebar-layout":"default","site-content-layout":"default","ast-global-header-display":"","ast-main-header-display":"","ast-hfb-above-header-display":"","ast-hfb-below-header-display":"","ast-hfb-mobile-header-display":"","site-post-title":"","ast-breadcrumbs-content":"","ast-featured-img":"","footer-sml-layout":"","theme-transparent-header-meta":"","adv-header-id-meta":"","stick-header-meta":"","header-above-stick-meta":"","header-main-stick-meta":"","header-below-stick-meta":"","footnotes":""},"class_list":["post-388","page","type-page","status-publish","hentry"],"yoast_head":"<!-- This site is optimized with the Yoast SEO plugin v26.9 - https:\/\/yoast.com\/product\/yoast-seo-wordpress\/ -->\n<title>Versand und Zahlung - Einlegesohlen vom Flie\u00dfband - iFactory3D<\/title>\n<meta name=\"robots\" content=\"index, follow, max-snippet:-1, max-image-preview:large, max-video-preview:-1\" \/>\n<link rel=\"canonical\" href=\"https:\/\/ifactory3d.com\/Einlegesohlen\/versand-und-zahlung\/\" \/>\n<meta property=\"og:locale\" content=\"en_US\" \/>\n<meta property=\"og:type\" content=\"article\" \/>\n<meta property=\"og:title\" content=\"Versand und Zahlung - Einlegesohlen vom Flie\u00dfband - iFactory3D\" \/>\n<meta property=\"og:description\" content=\"Versand und Zahlung Es gelten folgende Bedingungen: Versandbedingungen Die Lieferung erfolgt innerhalb Deutschlands und Weltweit.Ausgeschlossen hiervon sind folgende L\u00e4nder: Schweiz, Russland. Bitte beachten: Lieferungen nach UK ab einem Warenwert von 135 Pfund m\u00f6glich. Versandkosten Lieferungen im Inland (Deutschland): Versandkosten werden auf dem Angebot\/Rechnung ausgewiesen. Lieferungen ins Ausland: Versandkosten werden auf dem Angebot\/Rechnung ausgewiesen. Sofern die &hellip; Versand und Zahlung Read More &raquo;\" \/>\n<meta property=\"og:url\" content=\"https:\/\/ifactory3d.com\/Einlegesohlen\/versand-und-zahlung\/\" \/>\n<meta property=\"og:site_name\" content=\"Einlegesohlen vom Flie\u00dfband - iFactory3D\" \/>\n<meta property=\"article:modified_time\" content=\"2023-03-19T19:17:48+00:00\" \/>\n<meta name=\"twitter:card\" content=\"summary_large_image\" \/>\n<meta name=\"twitter:label1\" content=\"Est. reading time\" \/>\n\t<meta name=\"twitter:data1\" content=\"2 minutes\" \/>\n<script type=\"application\/ld+json\" class=\"yoast-schema-graph\">{\"@context\":\"https:\/\/schema.org\",\"@graph\":[{\"@type\":\"WebPage\",\"@id\":\"https:\/\/ifactory3d.com\/Einlegesohlen\/versand-und-zahlung\/\",\"url\":\"https:\/\/ifactory3d.com\/Einlegesohlen\/versand-und-zahlung\/\",\"name\":\"Versand und Zahlung - Einlegesohlen vom Flie\u00dfband - iFactory3D\",\"isPartOf\":{\"@id\":\"https:\/\/ifactory3d.com\/Einlegesohlen\/#website\"},\"datePublished\":\"2023-03-14T17:32:03+00:00\",\"dateModified\":\"2023-03-19T19:17:48+00:00\",\"breadcrumb\":{\"@id\":\"https:\/\/ifactory3d.com\/Einlegesohlen\/versand-und-zahlung\/#breadcrumb\"},\"inLanguage\":\"en-US\",\"potentialAction\":[{\"@type\":\"ReadAction\",\"target\":[\"https:\/\/ifactory3d.com\/Einlegesohlen\/versand-und-zahlung\/\"]}]},{\"@type\":\"BreadcrumbList\",\"@id\":\"https:\/\/ifactory3d.com\/Einlegesohlen\/versand-und-zahlung\/#breadcrumb\",\"itemListElement\":[{\"@type\":\"ListItem\",\"position\":1,\"name\":\"Home\",\"item\":\"https:\/\/ifactory3d.com\/Einlegesohlen\/\"},{\"@type\":\"ListItem\",\"position\":2,\"name\":\"Versand und Zahlung\"}]},{\"@type\":\"WebSite\",\"@id\":\"https:\/\/ifactory3d.com\/Einlegesohlen\/#website\",\"url\":\"https:\/\/ifactory3d.com\/Einlegesohlen\/\",\"name\":\"Einlegesohlen vom Flie\u00dfband - iFactory3D\",\"description\":\"\",\"publisher\":{\"@id\":\"https:\/\/ifactory3d.com\/Einlegesohlen\/#organization\"},\"potentialAction\":[{\"@type\":\"SearchAction\",\"target\":{\"@type\":\"EntryPoint\",\"urlTemplate\":\"https:\/\/ifactory3d.com\/Einlegesohlen\/?s={search_term_string}\"},\"query-input\":{\"@type\":\"PropertyValueSpecification\",\"valueRequired\":true,\"valueName\":\"search_term_string\"}}],\"inLanguage\":\"en-US\"},{\"@type\":\"Organization\",\"@id\":\"https:\/\/ifactory3d.com\/Einlegesohlen\/#organization\",\"name\":\"Einlegesohlen vom Flie\u00dfband - iFactory3D\",\"url\":\"https:\/\/ifactory3d.com\/Einlegesohlen\/\",\"logo\":{\"@type\":\"ImageObject\",\"inLanguage\":\"en-US\",\"@id\":\"https:\/\/ifactory3d.com\/Einlegesohlen\/#\/schema\/logo\/image\/\",\"url\":\"https:\/\/ifactory3d.com\/Einlegesohlen\/wp-content\/uploads\/2023\/03\/ifactory3d-white-logo.png\",\"contentUrl\":\"https:\/\/ifactory3d.com\/Einlegesohlen\/wp-content\/uploads\/2023\/03\/ifactory3d-white-logo.png\",\"width\":1000,\"height\":182,\"caption\":\"Einlegesohlen vom Flie\u00dfband - iFactory3D\"},\"image\":{\"@id\":\"https:\/\/ifactory3d.com\/Einlegesohlen\/#\/schema\/logo\/image\/\"}}]}<\/script>\n<!-- \/ Yoast SEO plugin. -->","yoast_head_json":{"title":"Versand und Zahlung - Einlegesohlen vom Flie\u00dfband - iFactory3D","robots":{"index":"index","follow":"follow","max-snippet":"max-snippet:-1","max-image-preview":"max-image-preview:large","max-video-preview":"max-video-preview:-1"},"canonical":"https:\/\/ifactory3d.com\/Einlegesohlen\/versand-und-zahlung\/","og_locale":"en_US","og_type":"article","og_title":"Versand und Zahlung - Einlegesohlen vom Flie\u00dfband - iFactory3D","og_description":"Versand und Zahlung Es gelten folgende Bedingungen: Versandbedingungen Die Lieferung erfolgt innerhalb Deutschlands und Weltweit.Ausgeschlossen hiervon sind folgende L\u00e4nder: Schweiz, Russland. Bitte beachten: Lieferungen nach UK ab einem Warenwert von 135 Pfund m\u00f6glich. Versandkosten Lieferungen im Inland (Deutschland): Versandkosten werden auf dem Angebot\/Rechnung ausgewiesen. Lieferungen ins Ausland: Versandkosten werden auf dem Angebot\/Rechnung ausgewiesen. Sofern die &hellip; Versand und Zahlung Read More &raquo;","og_url":"https:\/\/ifactory3d.com\/Einlegesohlen\/versand-und-zahlung\/","og_site_name":"Einlegesohlen vom Flie\u00dfband - iFactory3D","article_modified_time":"2023-03-19T19:17:48+00:00","twitter_card":"summary_large_image","twitter_misc":{"Est. reading time":"2 minutes"},"schema":{"@context":"https:\/\/schema.org","@graph":[{"@type":"WebPage","@id":"https:\/\/ifactory3d.com\/Einlegesohlen\/versand-und-zahlung\/","url":"https:\/\/ifactory3d.com\/Einlegesohlen\/versand-und-zahlung\/","name":"Versand und Zahlung - Einlegesohlen vom Flie\u00dfband - iFactory3D","isPartOf":{"@id":"https:\/\/ifactory3d.com\/Einlegesohlen\/#website"},"datePublished":"2023-03-14T17:32:03+00:00","dateModified":"2023-03-19T19:17:48+00:00","breadcrumb":{"@id":"https:\/\/ifactory3d.com\/Einlegesohlen\/versand-und-zahlung\/#breadcrumb"},"inLanguage":"en-US","potentialAction":[{"@type":"ReadAction","target":["https:\/\/ifactory3d.com\/Einlegesohlen\/versand-und-zahlung\/"]}]},{"@type":"BreadcrumbList","@id":"https:\/\/ifactory3d.com\/Einlegesohlen\/versand-und-zahlung\/#breadcrumb","itemListElement":[{"@type":"ListItem","position":1,"name":"Home","item":"https:\/\/ifactory3d.com\/Einlegesohlen\/"},{"@type":"ListItem","position":2,"name":"Versand und Zahlung"}]},{"@type":"WebSite","@id":"https:\/\/ifactory3d.com\/Einlegesohlen\/#website","url":"https:\/\/ifactory3d.com\/Einlegesohlen\/","name":"Einlegesohlen vom Flie\u00dfband - iFactory3D","description":"","publisher":{"@id":"https:\/\/ifactory3d.com\/Einlegesohlen\/#organization"},"potentialAction":[{"@type":"SearchAction","target":{"@type":"EntryPoint","urlTemplate":"https:\/\/ifactory3d.com\/Einlegesohlen\/?s={search_term_string}"},"query-input":{"@type":"PropertyValueSpecification","valueRequired":true,"valueName":"search_term_string"}}],"inLanguage":"en-US"},{"@type":"Organization","@id":"https:\/\/ifactory3d.com\/Einlegesohlen\/#organization","name":"Einlegesohlen vom Flie\u00dfband - iFactory3D","url":"https:\/\/ifactory3d.com\/Einlegesohlen\/","logo":{"@type":"ImageObject","inLanguage":"en-US","@id":"https:\/\/ifactory3d.com\/Einlegesohlen\/#\/schema\/logo\/image\/","url":"https:\/\/ifactory3d.com\/Einlegesohlen\/wp-content\/uploads\/2023\/03\/ifactory3d-white-logo.png","contentUrl":"https:\/\/ifactory3d.com\/Einlegesohlen\/wp-content\/uploads\/2023\/03\/ifactory3d-white-logo.png","width":1000,"height":182,"caption":"Einlegesohlen vom Flie\u00dfband - iFactory3D"},"image":{"@id":"https:\/\/ifactory3d.com\/Einlegesohlen\/#\/schema\/logo\/image\/"}}]}},"_links":{"self":[{"href":"https:\/\/ifactory3d.com\/Einlegesohlen\/wp-json\/wp\/v2\/pages\/388","targetHints":{"allow":["GET"]}}],"collection":[{"href":"https:\/\/ifactory3d.com\/Einlegesohlen\/wp-json\/wp\/v2\/pages"}],"about":[{"href":"https:\/\/ifactory3d.com\/Einlegesohlen\/wp-json\/wp\/v2\/types\/page"}],"author":[{"embeddable":true,"href":"https:\/\/ifactory3d.com\/Einlegesohlen\/wp-json\/wp\/v2\/users\/2"}],"replies":[{"embeddable":true,"href":"https:\/\/ifactory3d.com\/Einlegesohlen\/wp-json\/wp\/v2\/comments?post=388"}],"version-history":[{"count":11,"href":"https:\/\/ifactory3d.com\/Einlegesohlen\/wp-json\/wp\/v2\/pages\/388\/revisions"}],"predecessor-version":[{"id":716,"href":"https:\/\/ifactory3d.com\/Einlegesohlen\/wp-json\/wp\/v2\/pages\/388\/revisions\/716"}],"wp:attachment":[{"href":"https:\/\/ifactory3d.com\/Einlegesohlen\/wp-json\/wp\/v2\/media?parent=388"}],"curies":[{"name":"wp","href":"https:\/\/api.w.org\/{rel}","templated":true}]}}